{"id":1787,"date":"2019-03-22T07:19:42","date_gmt":"2019-03-22T07:19:42","guid":{"rendered":"http:\/\/source.wpopal.com\/thegreen\/?page_id=2"},"modified":"2023-11-18T10:49:13","modified_gmt":"2023-11-18T10:49:13","slug":"giardino-verticale","status":"publish","type":"page","link":"https:\/\/muschioverde.it\/index.php\/giardino-verticale\/","title":{"rendered":"Giardino Verticale"},"content":{"rendered":"\t\t<div data-elementor-type=\"wp-post\" data-elementor-id=\"1787\" class=\"elementor elementor-1787\">\n\t\t\t\t<div class=\"elementor-element elementor-element-3a8b1c3 e-flex e-con-boxed e-con e-parent\" data-id=\"3a8b1c3\" data-element_type=\"container\">\n\t\t\t\t\t<div class=\"e-con-inner\">\n\t\t\t\t<div class=\"elementor-element elementor-element-2b98518 elementor-widget elementor-widget-slider_revolution\" data-id=\"2b98518\" data-element_type=\"widget\" data-widget_type=\"slider_revolution.default\">\n\t\t\t\t<div class=\"elementor-widget-container\">\n\t\t\t\t\t\n\t\t<div class=\"wp-block-themepunch-revslider\">\n\t\t\t<!-- START Slider 1 REVOLUTION SLIDER 6.6.18 --><p class=\"rs-p-wp-fix\"><\/p>\n\t\t\t<rs-module-wrap id=\"rev_slider_3_1_wrapper\" data-source=\"gallery\" style=\"visibility:hidden;background:transparent;padding:0;margin:0px auto;margin-top:0;margin-bottom:0;\">\n\t\t\t\t<rs-module id=\"rev_slider_3_1\" style=\"\" data-version=\"6.6.18\">\n\t\t\t\t\t<rs-slides style=\"overflow: hidden; position: absolute;\">\n\t\t\t\t\t\t<rs-slide style=\"position: absolute;\" data-key=\"rs-8\" data-title=\"Slide\" data-in=\"o:0;\" data-out=\"a:false;\" data-mediafilter=\"xpro2\">\n\t\t\t\t\t\t\t<img data-recalc-dims=\"1\" fetchpriority=\"high\" decoding=\"async\" src=\"https:\/\/i0.wp.com\/muschioverde.it\/wp-content\/plugins\/revslider\/public\/assets\/assets\/dummy.png?resize=600%2C1067\" alt=\"\" title=\"IMG_7791_8.jpeg\" width=\"600\" height=\"1067\" class=\"rev-slidebg tp-rs-img rs-lazyload\" data-lazyload=\"\/\/muschioverde.it\/wp-content\/uploads\/revslider\/video-media\/IMG_7791_8.jpeg\" data-no-retina>\n\t\t\t\t\t\t\t<rs-bgvideo \n\t\t\t\t\t\t\t\tdata-video=\"w:100%;h:100%;ar:4:3;nse:false;l:true;ptimer:false;vfc:true;\"\n\t\t\t\t\t\t\t\tdata-mp4=\"\/\/muschioverde.it\/wp-content\/uploads\/2023\/11\/IMG_7791.mov\"\n\t\t\t\t\t\t\t><\/rs-bgvideo>\n<!---->\t\t\t\t\t\t<\/rs-slide>\n\t\t\t\t\t<\/rs-slides>\n\t\t\t\t<\/rs-module>\n\t\t\t\t<script>\n\t\t\t\t\tsetREVStartSize({c: 'rev_slider_3_1',rl:[1240,1024,778,480],el:[450],gw:[1240],gh:[450],type:'standard',justify:'',layout:'fullwidth',mh:\"0\"});if (window.RS_MODULES!==undefined && window.RS_MODULES.modules!==undefined && window.RS_MODULES.modules[\"revslider31\"]!==undefined) {window.RS_MODULES.modules[\"revslider31\"].once = false;window.revapi3 = undefined;if (window.RS_MODULES.checkMinimal!==undefined) window.RS_MODULES.checkMinimal()}\n\t\t\t\t<\/script>\n\t\t\t<\/rs-module-wrap>\n\t\t\t<!-- END REVOLUTION SLIDER -->\n<\/div>\n\n\t\t\t\t\t\t<\/div>\n\t\t\t\t<\/div>\n\t\t\t\t\t<\/div>\n\t\t\t\t<\/div>\n\t\t<div class=\"elementor-element elementor-element-5fb26d2 e-flex e-con-boxed e-con e-parent\" data-id=\"5fb26d2\" data-element_type=\"container\">\n\t\t\t\t\t<div class=\"e-con-inner\">\n\t\t\t\t<div class=\"elementor-element elementor-element-bf8e0c3 elementor-heading__align-center elementor-widget elementor-widget-heading\" data-id=\"bf8e0c3\" data-element_type=\"widget\" data-widget_type=\"heading.default\">\n\t\t\t\t<div class=\"elementor-widget-container\">\n\t\t\t\t\t<h2 class=\"elementor-heading-title elementor-size-default\"><i class=\"opal-icon-icon_leaves_01 decor-left\" aria-hidden=\"true\"><\/i> Giardino Verticale <i class=\"opal-icon-icon_leaves_02 decor-right\" aria-hidden=\"true\"><\/i><\/h2>\t\t\t\t<\/div>\n\t\t\t\t<\/div>\n\t\t\t\t\t<\/div>\n\t\t\t\t<\/div>\n\t\t<div class=\"elementor-element elementor-element-432bf87 e-flex e-con-boxed e-con e-parent\" data-id=\"432bf87\" data-element_type=\"container\">\n\t\t\t\t\t<div class=\"e-con-inner\">\n\t\t\t\t<div class=\"elementor-element elementor-element-ca0e917 elementor-widget elementor-widget-text-editor\" data-id=\"ca0e917\" data-element_type=\"widget\" data-widget_type=\"text-editor.default\">\n\t\t\t\t<div class=\"elementor-widget-container\">\n\t\t\t\t\t        <div class=\"elementor-text-editor elementor-clearfix\"><h6>Benvenuti nel nostro mondo verde, dove la natura si fonde armoniosamente con l&#8217;estetica e la praticit\u00e0. I nostri giardini verticali portano la bellezza rigogliosa della natura direttamente nel vostro spazio, trasformando gli ambienti in oasi di freschezza e serenit\u00e0. Scoprite la fusione perfetta tra design innovativo e sostenibilit\u00e0, dove ogni pianta diventa un&#8217;opera d&#8217;arte vivente. Sognate in verde con i nostri giardini verticali \u2013 una dichiarazione di stile e un tributo alla bellezza della natura<\/h6><\/div>\n        \t\t\t\t<\/div>\n\t\t\t\t<\/div>\n\t\t\t\t\t<\/div>\n\t\t\t\t<\/div>\n\t\t<div class=\"elementor-element elementor-element-28da9cd e-flex e-con-boxed e-con e-parent\" data-id=\"28da9cd\" data-element_type=\"container\">\n\t\t\t\t\t<div class=\"e-con-inner\">\n\t\t<div class=\"elementor-element elementor-element-9eabe14 e-con-full e-flex e-con e-child\" data-id=\"9eabe14\" data-element_type=\"container\" data-settings=\"{&quot;background_background&quot;:&quot;slideshow&quot;,&quot;background_slideshow_gallery&quot;:[],&quot;background_slideshow_loop&quot;:&quot;yes&quot;,&quot;background_slideshow_slide_duration&quot;:5000,&quot;background_slideshow_slide_transition&quot;:&quot;fade&quot;,&quot;background_slideshow_transition_duration&quot;:500}\">\n\t\t\t\t<div class=\"elementor-element elementor-element-ceac6d0 elementor-heading__align-left elementor-widget elementor-widget-heading\" data-id=\"ceac6d0\" data-element_type=\"widget\" data-widget_type=\"heading.default\">\n\t\t\t\t<div class=\"elementor-widget-container\">\n\t\t\t\t\t<span class=\"sub-title\">Reindeer Moss<\/span><h2 class=\"elementor-heading-title elementor-size-default\"><i class=\"opal-icon-icon_leaves_01 decor-left\" aria-hidden=\"true\"><\/i> - <i class=\"opal-icon-icon_leaves_02 decor-right\" aria-hidden=\"true\"><\/i><\/h2>\t\t\t\t<\/div>\n\t\t\t\t<\/div>\n\t\t\t\t<div class=\"elementor-element elementor-element-4bd9709 elementor-invisible elementor-widget elementor-widget-text-editor\" data-id=\"4bd9709\" data-element_type=\"widget\" data-settings=\"{&quot;_animation&quot;:&quot;zoomIn&quot;}\" data-widget_type=\"text-editor.default\">\n\t\t\t\t<div class=\"elementor-widget-container\">\n\t\t\t\t\t        <div class=\"elementor-text-editor elementor-clearfix\"><h5>Se hai sempre desiderato dare una nuova vita ai tuoi spazi, il muschio stabilizzato \u00e8 la soluzione ideale.<\/h5><h5>Con la nostra azienda esperta in prodotti e pareti di muschio stabilizzato, possiamo aiutarti a creare un&#8217;atmosfera unica e affascinante in ogni ambiente.<\/h5><h5>Scegliendo il muschio stabilizzato, stai facendo una scelta ecologica. \u00c8 una pianta che richiede poche risorse e non necessita di irrigazione.<\/h5><\/div>\n        \t\t\t\t<\/div>\n\t\t\t\t<\/div>\n\t\t\t\t<\/div>\n\t\t<div class=\"elementor-element elementor-element-c32db2e e-con-full e-flex e-con e-child\" data-id=\"c32db2e\" data-element_type=\"container\">\n\t\t\t\t<div class=\"elementor-element elementor-element-1f64764 elementor-widget elementor-widget-image\" data-id=\"1f64764\" data-element_type=\"widget\" data-widget_type=\"image.default\">\n\t\t\t\t<div class=\"elementor-widget-container\">\n\t\t\t\t\t        <div class=\"elementor-image\">\n                                                <img decoding=\"async\" width=\"1126\" height=\"700\" src=\"https:\/\/i0.wp.com\/muschioverde.it\/wp-content\/uploads\/2023\/11\/IMG_7792-1.jpg?resize=1126%2C700&amp;ssl=1\" class=\"attachment-thegreen-featured-image-full size-thegreen-featured-image-full wp-image-1945\" alt=\"\" \/>                                                            <\/div>\n        \t\t\t\t<\/div>\n\t\t\t\t<\/div>\n\t\t\t\t<\/div>\n\t\t\t\t\t<\/div>\n\t\t\t\t<\/div>\n\t\t<div class=\"elementor-element elementor-element-e42a139 e-flex e-con-boxed e-con e-parent\" data-id=\"e42a139\" data-element_type=\"container\">\n\t\t\t\t\t<div class=\"e-con-inner\">\n\t\t\t\t<div class=\"elementor-element elementor-element-01636cd elementor-widget-divider--view-line_icon elementor-view-default elementor-widget-divider--element-align-center elementor-widget elementor-widget-divider\" data-id=\"01636cd\" data-element_type=\"widget\" data-widget_type=\"divider.default\">\n\t\t\t\t<div class=\"elementor-widget-container\">\n\t\t\t\t\t\t\t<div class=\"elementor-divider\">\n\t\t\t<span class=\"elementor-divider-separator\">\n\t\t\t\t\t\t\t<div class=\"elementor-icon elementor-divider__element\">\n\t\t\t\t\t<i aria-hidden=\"true\" class=\"opal-icon- opal-icon-icon_leaves_02\"><\/i><\/div>\n\t\t\t\t\t\t<\/span>\n\t\t<\/div>\n\t\t\t\t\t\t<\/div>\n\t\t\t\t<\/div>\n\t\t\t\t\t<\/div>\n\t\t\t\t<\/div>\n\t\t<div class=\"elementor-element elementor-element-59ddc17 e-flex e-con-boxed e-con e-parent\" data-id=\"59ddc17\" data-element_type=\"container\">\n\t\t\t\t\t<div class=\"e-con-inner\">\n\t\t<div class=\"elementor-element elementor-element-7f68019 e-con-full e-flex e-con e-child\" data-id=\"7f68019\" data-element_type=\"container\">\n\t\t\t\t<div class=\"elementor-element elementor-element-fc1b5c6 elementor-widget elementor-widget-image\" data-id=\"fc1b5c6\" data-element_type=\"widget\" data-widget_type=\"image.default\">\n\t\t\t\t<div class=\"elementor-widget-container\">\n\t\t\t\t\t        <div class=\"elementor-image\">\n                                                <img decoding=\"async\" width=\"1400\" height=\"700\" src=\"https:\/\/i0.wp.com\/muschioverde.it\/wp-content\/uploads\/2023\/11\/IMG_7793.png?resize=1400%2C700&amp;ssl=1\" class=\"attachment-thegreen-featured-image-full size-thegreen-featured-image-full wp-image-1953\" alt=\"\" srcset=\"https:\/\/i0.wp.com\/muschioverde.it\/wp-content\/uploads\/2023\/11\/IMG_7793.png?resize=1400%2C700&amp;ssl=1 1400w, https:\/\/i0.wp.com\/muschioverde.it\/wp-content\/uploads\/2023\/11\/IMG_7793.png?zoom=2&amp;resize=1400%2C700&amp;ssl=1 2800w\" sizes=\"(max-width: 600px) 100vw, 600px\" \/>                                                            <\/div>\n        \t\t\t\t<\/div>\n\t\t\t\t<\/div>\n\t\t\t\t<\/div>\n\t\t<div class=\"elementor-element elementor-element-526d716 e-con-full e-flex e-con e-child\" data-id=\"526d716\" data-element_type=\"container\">\n\t\t\t\t<div class=\"elementor-element elementor-element-24eedaa elementor-heading__align-left elementor-widget elementor-widget-heading\" data-id=\"24eedaa\" data-element_type=\"widget\" data-widget_type=\"heading.default\">\n\t\t\t\t<div class=\"elementor-widget-container\">\n\t\t\t\t\t<span class=\"sub-title\">Jungle Wall<\/span><h2 class=\"elementor-heading-title elementor-size-default\"><i class=\"opal-icon-icon_leaves_01 decor-left\" aria-hidden=\"true\"><\/i> - <i class=\"opal-icon-icon_leaves_02 decor-right\" aria-hidden=\"true\"><\/i><\/h2>\t\t\t\t<\/div>\n\t\t\t\t<\/div>\n\t\t\t\t<div class=\"elementor-element elementor-element-9d67577 elementor-invisible elementor-widget elementor-widget-text-editor\" data-id=\"9d67577\" data-element_type=\"widget\" data-settings=\"{&quot;_animation&quot;:&quot;zoomIn&quot;}\" data-widget_type=\"text-editor.default\">\n\t\t\t\t<div class=\"elementor-widget-container\">\n\t\t\t\t\t        <div class=\"elementor-text-editor elementor-clearfix\"><h5>La parete Jungle crea un&#8217;atmosfera vibrante e naturale che rimarr\u00e0 sempre alla moda.<\/h5><h5>La sua bellezza non sbiadisce mai, e non richiede alcuna manutenzione.<\/h5><h5>Viene realizzata con materiali di alta qualit\u00e0, garantendo resistenza e durata nel tempo. Sar\u00e0 un investimento che ti regaler\u00e0 bellezza e freschezza nel tempo.<\/h5><\/div>\n        \t\t\t\t<\/div>\n\t\t\t\t<\/div>\n\t\t\t\t<\/div>\n\t\t\t\t\t<\/div>\n\t\t\t\t<\/div>\n\t\t<div class=\"elementor-element elementor-element-85861d2 e-flex e-con-boxed e-con e-parent\" data-id=\"85861d2\" data-element_type=\"container\">\n\t\t\t\t\t<div class=\"e-con-inner\">\n\t\t\t\t<div class=\"elementor-element elementor-element-1e97d56 elementor-widget-divider--view-line_icon elementor-view-default elementor-widget-divider--element-align-center elementor-widget elementor-widget-divider\" data-id=\"1e97d56\" data-element_type=\"widget\" data-widget_type=\"divider.default\">\n\t\t\t\t<div class=\"elementor-widget-container\">\n\t\t\t\t\t\t\t<div class=\"elementor-divider\">\n\t\t\t<span class=\"elementor-divider-separator\">\n\t\t\t\t\t\t\t<div class=\"elementor-icon elementor-divider__element\">\n\t\t\t\t\t<i aria-hidden=\"true\" class=\"opal-icon- opal-icon-icon_leaves_02\"><\/i><\/div>\n\t\t\t\t\t\t<\/span>\n\t\t<\/div>\n\t\t\t\t\t\t<\/div>\n\t\t\t\t<\/div>\n\t\t\t\t\t<\/div>\n\t\t\t\t<\/div>\n\t\t<div class=\"elementor-element elementor-element-250abad e-flex e-con-boxed e-con e-parent\" data-id=\"250abad\" data-element_type=\"container\">\n\t\t\t\t\t<div class=\"e-con-inner\">\n\t\t<div class=\"elementor-element elementor-element-4728219 e-con-full e-flex e-con e-child\" data-id=\"4728219\" data-element_type=\"container\">\n\t\t\t\t<div class=\"elementor-element elementor-element-d2fe8f8 elementor-heading__align-left elementor-widget elementor-widget-heading\" data-id=\"d2fe8f8\" data-element_type=\"widget\" data-widget_type=\"heading.default\">\n\t\t\t\t<div class=\"elementor-widget-container\">\n\t\t\t\t\t<span class=\"sub-title\">Flower Wall<\/span><h2 class=\"elementor-heading-title elementor-size-default\"><i class=\"opal-icon-icon_leaves_01 decor-left\" aria-hidden=\"true\"><\/i> - <i class=\"opal-icon-icon_leaves_02 decor-right\" aria-hidden=\"true\"><\/i><\/h2>\t\t\t\t<\/div>\n\t\t\t\t<\/div>\n\t\t\t\t<div class=\"elementor-element elementor-element-4089986 elementor-invisible elementor-widget elementor-widget-text-editor\" data-id=\"4089986\" data-element_type=\"widget\" data-settings=\"{&quot;_animation&quot;:&quot;zoomIn&quot;}\" data-widget_type=\"text-editor.default\">\n\t\t\t\t<div class=\"elementor-widget-container\">\n\t\t\t\t\t        <div class=\"elementor-text-editor elementor-clearfix\"><h5>Crea un&#8217;atmosfera magica e indimenticabile per i tuoi eventi speciali con la nostra spettacolare parete di fiori sintetici.<\/h5><h5>Questa \u00e8 la soluzione perfetta per trasformare qualsiasi celebrazione in un&#8217;esperienza straordinaria. Le nostre pareti di fiori offrono una vasta gamma di colori e composizioni floreali, dal romantico al vivace.<\/h5><h5>Scegli le tonalit\u00e0 e i fiori perfetti per abbinare il tema dell&#8217;evento.<\/h5><\/div>\n        \t\t\t\t<\/div>\n\t\t\t\t<\/div>\n\t\t\t\t<\/div>\n\t\t<div class=\"elementor-element elementor-element-c08a126 e-con-full e-flex e-con e-child\" data-id=\"c08a126\" data-element_type=\"container\">\n\t\t\t\t<div class=\"elementor-element elementor-element-b7e0c1a elementor-widget elementor-widget-image\" data-id=\"b7e0c1a\" data-element_type=\"widget\" data-widget_type=\"image.default\">\n\t\t\t\t<div class=\"elementor-widget-container\">\n\t\t\t\t\t        <div class=\"elementor-image\">\n                                                <img loading=\"lazy\" decoding=\"async\" width=\"600\" height=\"390\" src=\"https:\/\/i0.wp.com\/muschioverde.it\/wp-content\/uploads\/2023\/11\/IMG_7795.jpg?resize=600%2C390&amp;ssl=1\" class=\"attachment-thegreen-featured-image-large size-thegreen-featured-image-large wp-image-1955\" alt=\"\" srcset=\"https:\/\/i0.wp.com\/muschioverde.it\/wp-content\/uploads\/2023\/11\/IMG_7795.jpg?resize=600%2C390&amp;ssl=1 600w, https:\/\/i0.wp.com\/muschioverde.it\/wp-content\/uploads\/2023\/11\/IMG_7795.jpg?zoom=2&amp;resize=600%2C390&amp;ssl=1 1200w\" sizes=\"(max-width: 600px) 100vw, 600px\" \/>                                                            <\/div>\n        \t\t\t\t<\/div>\n\t\t\t\t<\/div>\n\t\t\t\t<\/div>\n\t\t\t\t\t<\/div>\n\t\t\t\t<\/div>\n\t\t<div class=\"elementor-element elementor-element-eafa3a9 e-flex e-con-boxed e-con e-parent\" data-id=\"eafa3a9\" data-element_type=\"container\">\n\t\t\t\t\t<div class=\"e-con-inner\">\n\t\t\t\t<div class=\"elementor-element elementor-element-9a01ae8 elementor-heading__align-center elementor-widget elementor-widget-heading\" data-id=\"9a01ae8\" data-element_type=\"widget\" data-widget_type=\"heading.default\">\n\t\t\t\t<div class=\"elementor-widget-container\">\n\t\t\t\t\t<span class=\"sub-title\">Qual'\u00e8 il tuo pattern preferito?<\/span><h1 class=\"elementor-heading-title elementor-size-default\"><i class=\"opal-icon-icon_leaves_01 decor-left\" aria-hidden=\"true\"><\/i> == scegli la soluzione adatta al tuo arredamento == <i class=\"opal-icon-icon_leaves_02 decor-right\" aria-hidden=\"true\"><\/i><\/h1>\t\t\t\t<\/div>\n\t\t\t\t<\/div>\n\t\t\t\t<div class=\"elementor-element elementor-element-7cff92f elementor-widget elementor-widget-html\" data-id=\"7cff92f\" data-element_type=\"widget\" data-widget_type=\"html.default\">\n\t\t\t\t<div class=\"elementor-widget-container\">\n\t\t\t\t\t<div class=\"row py-5\"><div class=\"col-12 px-4\"><div class=\"w-100 text-center\"><\/div><\/div><div class=\"col-6 col-md-3 p-4 text-center\">\n<img data-recalc-dims=\"1\" decoding=\"async\" src=\"https:\/\/i0.wp.com\/muschioverde.it\/wp-content\/uploads\/2023\/11\/lichene-stabilizato.webp?w=600&#038;ssl=1\" class=\"w-100\"><p class=\"titlepage03\" style=\"display: inline-block;font-size: 1.2rem;padding: 0.2rem 0.5rem;\">LICHENE STABILIZZATO<\/p><\/div><div class=\"col-6 col-md-3 p-4 text-center\">\n<img data-recalc-dims=\"1\" decoding=\"async\" src=\"https:\/\/i0.wp.com\/muschioverde.it\/wp-content\/uploads\/2023\/11\/lichene_stabilizzato.png?w=600&#038;ssl=1\" class=\"w-100\"><p class=\"titlepage03\" style=\"display: inline-block;font-size: 1.2rem;padding: 0.2rem 0.5rem;\">LICHENE SINTETICO<\/p><\/div><div class=\"col-6 col-md-3 p-4 text-center\">\n<img data-recalc-dims=\"1\" decoding=\"async\" src=\"https:\/\/i0.wp.com\/muschioverde.it\/wp-content\/uploads\/2023\/11\/jungle.png?w=600&#038;ssl=1\" class=\"w-100\"><p class=\"titlepage03\" style=\"display: inline-block;font-size: 1.2rem;padding: 0.2rem 0.5rem;\">JUNGLE WALL<\/p><\/div><div class=\"col-6 col-md-3 p-4 text-center\">\n<img data-recalc-dims=\"1\" decoding=\"async\" src=\"https:\/\/i0.wp.com\/muschioverde.it\/wp-content\/uploads\/2023\/11\/flower.png?w=600&#038;ssl=1\" class=\"w-100\"><p class=\"titlepage03\" style=\"display: inline-block;font-size: 1.2rem;padding: 0.2rem 0.5rem;\">FLOWER WALL<\/p><\/div><\/div>\t\t\t\t<\/div>\n\t\t\t\t<\/div>\n\t\t\t\t\t<\/div>\n\t\t\t\t<\/div>\n\t\t<div class=\"elementor-element elementor-element-085e42f e-flex e-con-boxed e-con e-parent\" data-id=\"085e42f\" data-element_type=\"container\">\n\t\t\t\t\t<div class=\"e-con-inner\">\n\t\t\t\t<div class=\"elementor-element elementor-element-6e44ca6 elementor-heading__align-center elementor-widget elementor-widget-heading\" data-id=\"6e44ca6\" data-element_type=\"widget\" data-widget_type=\"heading.default\">\n\t\t\t\t<div class=\"elementor-widget-container\">\n\t\t\t\t\t<h2 class=\"elementor-heading-title elementor-size-default\"><i class=\"opal-icon-icon_leaves_01 decor-left\" aria-hidden=\"true\"><\/i> Non perdere l'opportunit\u00e0 di rendere i tuoi ambienti unici e accoglienti. \nContattaci oggi stesso per una consulenza e preventivo gratuito e scopri come possiamo trasformare i tuoi spazi <i class=\"opal-icon-icon_leaves_02 decor-right\" aria-hidden=\"true\"><\/i><\/h2>\t\t\t\t<\/div>\n\t\t\t\t<\/div>\n\t\t\t\t\t<\/div>\n\t\t\t\t<\/div>\n\t\t\t\t<\/div>\n\t\t","protected":false},"excerpt":{"rendered":"<p>Giardino Verticale Benvenuti nel nostro mondo verde, dove la natura si fonde armoniosamente con l&#8217;estetica e la praticit\u00e0. I nostri giardini verticali portano la bellezza rigogliosa della natura direttamente nel vostro spazio, trasformando gli ambienti in oasi di freschezza e serenit\u00e0. Scoprite la fusione perfetta tra design innovativo e sostenibilit\u00e0, dove ogni pianta diventa un&#8217;opera &hellip; <\/p>\n<p class=\"link-more\"><a href=\"https:\/\/muschioverde.it\/index.php\/giardino-verticale\/\" class=\"more-link\">Read More<span class=\"screen-reader-text\"> &#8220;Giardino Verticale&#8221;<\/span><\/a><\/p>\n","protected":false},"author":1,"featured_media":0,"parent":0,"menu_order":0,"comment_status":"closed","ping_status":"closed","template":"","meta":{"om_disable_all_campaigns":false,"_monsterinsights_skip_tracking":false,"_monsterinsights_sitenote_active":false,"_monsterinsights_sitenote_note":"","_monsterinsights_sitenote_category":0,"_uf_show_specific_survey":0,"_uf_disable_surveys":false,"footnotes":""},"class_list":["post-1787","page","type-page","status-publish","hentry"],"aioseo_notices":[],"jetpack_sharing_enabled":true,"_links":{"self":[{"href":"https:\/\/muschioverde.it\/index.php\/wp-json\/wp\/v2\/pages\/1787","targetHints":{"allow":["GET"]}}],"collection":[{"href":"https:\/\/muschioverde.it\/index.php\/wp-json\/wp\/v2\/pages"}],"about":[{"href":"https:\/\/muschioverde.it\/index.php\/wp-json\/wp\/v2\/types\/page"}],"author":[{"embeddable":true,"href":"https:\/\/muschioverde.it\/index.php\/wp-json\/wp\/v2\/users\/1"}],"replies":[{"embeddable":true,"href":"https:\/\/muschioverde.it\/index.php\/wp-json\/wp\/v2\/comments?post=1787"}],"version-history":[{"count":34,"href":"https:\/\/muschioverde.it\/index.php\/wp-json\/wp\/v2\/pages\/1787\/revisions"}],"predecessor-version":[{"id":1989,"href":"https:\/\/muschioverde.it\/index.php\/wp-json\/wp\/v2\/pages\/1787\/revisions\/1989"}],"wp:attachment":[{"href":"https:\/\/muschioverde.it\/index.php\/wp-json\/wp\/v2\/media?parent=1787"}],"curies":[{"name":"wp","href":"https:\/\/api.w.org\/{rel}","templated":true}]}}